{"id":41420,"date":"2023-09-18T13:34:28","date_gmt":"2023-09-18T11:34:28","guid":{"rendered":"https:\/\/www.biovision.ch\/?page_id=41420"},"modified":"2023-09-18T13:37:01","modified_gmt":"2023-09-18T11:37:01","slug":"mentions-legales","status":"publish","type":"page","link":"https:\/\/www.biovision.ch\/fr\/mentions-legales\/","title":{"rendered":"Mentions l\u00e9gales"},"content":{"rendered":"\t\t<div data-elementor-type=\"wp-page\" data-elementor-id=\"41420\" class=\"elementor elementor-41420\" data-elementor-post-type=\"page\">\n\t\t\t\t\t\t<section class=\"elementor-section elementor-top-section elementor-element elementor-element-3f4887a1 elementor-section-boxed elementor-section-height-default elementor-section-height-default\" data-id=\"3f4887a1\" data-element_type=\"section\" data-e-type=\"section\" data-settings=\"{&quot;background_background&quot;:&quot;classic&quot;,&quot;_ob_glider_is_slider&quot;:&quot;no&quot;}\">\n\t\t\t\t\t\t<div class=\"elementor-container elementor-column-gap-no\">\n\t\t\t\t\t<div class=\"elementor-column elementor-col-100 elementor-top-column elementor-element elementor-element-6dabf282\" data-id=\"6dabf282\" data-element_type=\"column\" data-e-type=\"column\" data-settings=\"{&quot;_ob_column_hoveranimator&quot;:&quot;no&quot;,&quot;_ob_column_has_pseudo&quot;:&quot;no&quot;}\">\n\t\t\t<div class=\"elementor-widget-wrap elementor-element-populated\">\n\t\t\t\t\t\t<section class=\"elementor-section elementor-inner-section elementor-element elementor-element-32d2d644 elementor-section-boxed elementor-section-height-default elementor-section-height-default\" data-id=\"32d2d644\" data-element_type=\"section\" data-e-type=\"section\" data-settings=\"{&quot;_ob_glider_is_slider&quot;:&quot;no&quot;}\">\n\t\t\t\t\t\t<div class=\"elementor-container elementor-column-gap-no\">\n\t\t\t\t\t<div class=\"elementor-column elementor-col-50 elementor-inner-column elementor-element elementor-element-c66b5b5\" data-id=\"c66b5b5\" data-element_type=\"column\" data-e-type=\"column\" data-settings=\"{&quot;_ob_column_hoveranimator&quot;:&quot;no&quot;,&quot;_ob_column_has_pseudo&quot;:&quot;no&quot;}\">\n\t\t\t<div class=\"elementor-widget-wrap\">\n\t\t\t\t\t\t\t<\/div>\n\t\t<\/div>\n\t\t\t\t<div class=\"elementor-column elementor-col-50 elementor-inner-column elementor-element elementor-element-6ae1f09a\" data-id=\"6ae1f09a\" data-element_type=\"column\" data-e-type=\"column\" data-settings=\"{&quot;_ob_column_hoveranimator&quot;:&quot;no&quot;,&quot;_ob_column_has_pseudo&quot;:&quot;no&quot;}\">\n\t\t\t<div class=\"elementor-widget-wrap elementor-element-populated\">\n\t\t\t\t\t\t<div class=\"elementor-element elementor-element-1a058eb6 elementor-widget elementor-widget-heading\" data-id=\"1a058eb6\" data-element_type=\"widget\" data-e-type=\"widget\" data-settings=\"{&quot;_ob_widget_stalker_use&quot;:&quot;no&quot;,&quot;_ob_allow_hoveranimator&quot;:&quot;no&quot;}\" data-widget_type=\"heading.default\">\n\t\t\t\t<div class=\"elementor-widget-container\">\n\t\t\t\t\t<h1 class=\"elementor-heading-title elementor-size-default\">Mentions l\u00e9gales<\/h1>\t\t\t\t<\/div>\n\t\t\t\t<\/div>\n\t\t\t\t\t<\/div>\n\t\t<\/div>\n\t\t\t\t\t<\/div>\n\t\t<\/section>\n\t\t\t\t<section class=\"elementor-section elementor-inner-section elementor-element elementor-element-1437cc03 elementor-section-boxed elementor-section-height-default elementor-section-height-default\" data-id=\"1437cc03\" data-element_type=\"section\" data-e-type=\"section\" data-settings=\"{&quot;_ob_glider_is_slider&quot;:&quot;no&quot;}\">\n\t\t\t\t\t\t<div class=\"elementor-container elementor-column-gap-no\">\n\t\t\t\t\t<div class=\"elementor-column elementor-col-33 elementor-inner-column elementor-element elementor-element-28d8bc7\" data-id=\"28d8bc7\" data-element_type=\"column\" data-e-type=\"column\" data-settings=\"{&quot;_ob_column_hoveranimator&quot;:&quot;no&quot;,&quot;_ob_column_has_pseudo&quot;:&quot;no&quot;}\">\n\t\t\t<div class=\"elementor-widget-wrap\">\n\t\t\t\t\t\t\t<\/div>\n\t\t<\/div>\n\t\t\t\t<div class=\"elementor-column elementor-col-33 elementor-inner-column elementor-element elementor-element-64a58398\" data-id=\"64a58398\" data-element_type=\"column\" data-e-type=\"column\" data-settings=\"{&quot;_ob_column_hoveranimator&quot;:&quot;no&quot;,&quot;_ob_column_has_pseudo&quot;:&quot;no&quot;}\">\n\t\t\t<div class=\"elementor-widget-wrap elementor-element-populated\">\n\t\t\t\t\t\t<div class=\"elementor-element elementor-element-331750ca elementor-widget elementor-widget-text-editor\" data-id=\"331750ca\" data-element_type=\"widget\" data-e-type=\"widget\" data-settings=\"{&quot;_ob_postman_use&quot;:&quot;no&quot;,&quot;_ob_widget_stalker_use&quot;:&quot;no&quot;,&quot;_ob_allow_hoveranimator&quot;:&quot;no&quot;}\" data-widget_type=\"text-editor.default\">\n\t\t\t\t<div class=\"elementor-widget-container\">\n\t\t\t\t\t\t\t\t\t<p>Sur cette page, vous trouverez des informations sur l&rsquo;adresse, les heures d&rsquo;ouverture de la fondation Biovision ainsi que des informations sur la responsabilit\u00e9.<\/p>\t\t\t\t\t\t\t\t<\/div>\n\t\t\t\t<\/div>\n\t\t\t\t\t<\/div>\n\t\t<\/div>\n\t\t\t\t<div class=\"elementor-column elementor-col-33 elementor-inner-column elementor-element elementor-element-9400c7\" data-id=\"9400c7\" data-element_type=\"column\" data-e-type=\"column\" data-settings=\"{&quot;_ob_column_hoveranimator&quot;:&quot;no&quot;,&quot;_ob_column_has_pseudo&quot;:&quot;no&quot;}\">\n\t\t\t<div class=\"elementor-widget-wrap\">\n\t\t\t\t\t\t\t<\/div>\n\t\t<\/div>\n\t\t\t\t\t<\/div>\n\t\t<\/section>\n\t\t\t\t\t<\/div>\n\t\t<\/div>\n\t\t\t\t\t<\/div>\n\t\t<\/section>\n\t\t\t\t<section class=\"elementor-section elementor-top-section elementor-element elementor-element-67ac5635 elementor-section-boxed elementor-section-height-default elementor-section-height-default\" data-id=\"67ac5635\" data-element_type=\"section\" data-e-type=\"section\" data-settings=\"{&quot;animation&quot;:&quot;none&quot;,&quot;_ob_glider_is_slider&quot;:&quot;no&quot;}\">\n\t\t\t\t\t\t<div class=\"elementor-container elementor-column-gap-no\">\n\t\t\t\t\t<div class=\"elementor-column elementor-col-100 elementor-top-column elementor-element elementor-element-3e52c1b6 elementor-invisible\" data-id=\"3e52c1b6\" data-element_type=\"column\" data-e-type=\"column\" data-settings=\"{&quot;animation&quot;:&quot;fadeInUp&quot;,&quot;_ob_column_hoveranimator&quot;:&quot;no&quot;,&quot;_ob_column_has_pseudo&quot;:&quot;no&quot;}\">\n\t\t\t<div class=\"elementor-widget-wrap elementor-element-populated\">\n\t\t\t\t\t\t<div class=\"elementor-element elementor-element-7741a19 text elementor-widget elementor-widget-text-editor\" data-id=\"7741a19\" data-element_type=\"widget\" data-e-type=\"widget\" data-settings=\"{&quot;_ob_postman_use&quot;:&quot;no&quot;,&quot;_ob_widget_stalker_use&quot;:&quot;no&quot;,&quot;_ob_allow_hoveranimator&quot;:&quot;no&quot;}\" data-widget_type=\"text-editor.default\">\n\t\t\t\t<div class=\"elementor-widget-container\">\n\t\t\t\t\t\t\t\t\t<h2>Editeur<\/h2><p>Biovision &#8211; Fondation pour un d\u00e9veloppement \u00e9cologique<\/p><h2>Adresse postale<\/h2><p>Biovision &#8211; Fondation pour un d\u00e9veloppement \u00e9cologique<\/p><p>Maison Internationale de l&rsquo;Environnement II<br \/>Chemin de Balexert 7<br \/>1219 Ch\u00e2telaine (Gen\u00e8ve)<br \/>Tel. +41 22 510 15 70<br \/>E-Mail:\u00a0<a>contact@biovision.ch<\/a><\/p><p>Heures d&rsquo;ouverture:<\/p><p>Du lundi au vendredi de 9:00h \u00e0 12:00h et de 13:30h \u00e0 17:00h<\/p><h2>Si\u00e8ge juridique<\/h2><p>Heinrichstr. 147<br \/>CH-8005 Zurich<\/p><h2>Avis de responsabilit\u00e9<\/h2><p>Nous contr\u00f4lons soigneusement les liens externes. Nous ne pouvons pas assumer de responsabilit\u00e9 pour le contenu des liens externes. Seuls les exploitant\u00b7es des pages li\u00e9es sont responsables de leur contenu.<\/p><h2>Droits d\u2019auteur sur les images et le texte<\/h2><p>Biovision d\u00e9tient les droits d\u2019auteur sur la plupart des images et un droit d\u2019utilisation sur les autres. L\u2019utilisation des images et du texte publi\u00e9s sur ce site Internet est soumise \u00e0 l\u2019autorisation \u00e9crite pr\u00e9alable de Biovision et doit mentionner les droits d\u2019auteur. Si vous souhaitez utiliser le logo, les images ou le texte, veuillez vous adresser \u00e0 notre <a href=\"https:\/\/www.biovision.ch\/fr\/medias\/\">point de contact pour les m\u00e9dias<\/a>.<\/p><h2>Agence de communication<\/h2><p><a href=\"https:\/\/www.liip.ch\/de\">Liip AG<\/a><\/p><h2>Graphisme<\/h2><p><a href=\"https:\/\/www.binkertpartnerinnen.ch\/\">Binkert Partnerinnen AG<\/a><\/p><h2>H\u00e9bergement<\/h2><p><a href=\"https:\/\/raidboxes.io\/\">Raidboxes<\/a><\/p>\t\t\t\t\t\t\t\t<\/div>\n\t\t\t\t<\/div>\n\t\t\t\t\t<\/div>\n\t\t<\/div>\n\t\t\t\t\t<\/div>\n\t\t<\/section>\n\t\t\t\t<\/div>\n\t\t","protected":false},"excerpt":{"rendered":"<p>Mentions l\u00e9gales Sur cette page, vous trouverez des informations sur l&rsquo;adresse, les heures d&rsquo;ouverture de la fondation Biovision ainsi que des informations sur la responsabilit\u00e9. Editeur Biovision &#8211; Fondation pour un d\u00e9veloppement \u00e9cologique Adresse postale Biovision &#8211; Fondation pour un d\u00e9veloppement \u00e9cologique Maison Internationale de l&rsquo;Environnement IIChemin de Balexert 71219 Ch\u00e2telaine (Gen\u00e8ve)Tel. +41 22 510 [&hellip;]<\/p>\n","protected":false},"author":2,"featured_media":0,"parent":0,"menu_order":0,"comment_status":"closed","ping_status":"closed","template":"","meta":{"footnotes":""},"exclude-from-search":[],"has-site-template":[],"newsletter":[],"region":[],"projektthema":[],"class_list":["post-41420","page","type-page","status-publish","hentry"],"publishpress_future_action":{"enabled":false,"date":"2026-04-30 12:11:11","action":"change-status","newStatus":"draft","terms":[],"taxonomy":"translation_priority","extraData":[]},"publishpress_future_workflow_manual_trigger":{"enabledWorkflows":[]},"_links":{"self":[{"href":"https:\/\/www.biovision.ch\/fr\/wp-json\/wp\/v2\/pages\/41420","targetHints":{"allow":["GET"]}}],"collection":[{"href":"https:\/\/www.biovision.ch\/fr\/wp-json\/wp\/v2\/pages"}],"about":[{"href":"https:\/\/www.biovision.ch\/fr\/wp-json\/wp\/v2\/types\/page"}],"author":[{"embeddable":true,"href":"https:\/\/www.biovision.ch\/fr\/wp-json\/wp\/v2\/users\/2"}],"replies":[{"embeddable":true,"href":"https:\/\/www.biovision.ch\/fr\/wp-json\/wp\/v2\/comments?post=41420"}],"version-history":[{"count":4,"href":"https:\/\/www.biovision.ch\/fr\/wp-json\/wp\/v2\/pages\/41420\/revisions"}],"predecessor-version":[{"id":41425,"href":"https:\/\/www.biovision.ch\/fr\/wp-json\/wp\/v2\/pages\/41420\/revisions\/41425"}],"wp:attachment":[{"href":"https:\/\/www.biovision.ch\/fr\/wp-json\/wp\/v2\/media?parent=41420"}],"wp:term":[{"taxonomy":"exclude-from-search","embeddable":true,"href":"https:\/\/www.biovision.ch\/fr\/wp-json\/wp\/v2\/exclude-from-search?post=41420"},{"taxonomy":"has-site-template","embeddable":true,"href":"https:\/\/www.biovision.ch\/fr\/wp-json\/wp\/v2\/has-site-template?post=41420"},{"taxonomy":"newsletter","embeddable":true,"href":"https:\/\/www.biovision.ch\/fr\/wp-json\/wp\/v2\/newsletter?post=41420"},{"taxonomy":"region","embeddable":true,"href":"https:\/\/www.biovision.ch\/fr\/wp-json\/wp\/v2\/region?post=41420"},{"taxonomy":"projektthema","embeddable":true,"href":"https:\/\/www.biovision.ch\/fr\/wp-json\/wp\/v2\/projektthema?post=41420"}],"curies":[{"name":"wp","href":"https:\/\/api.w.org\/{rel}","templated":true}]}}