{"id":16615,"date":"2022-01-06T15:07:11","date_gmt":"2022-01-06T14:07:11","guid":{"rendered":"https:\/\/www.biovision.ch\/newsletter\/"},"modified":"2026-03-31T15:47:12","modified_gmt":"2026-03-31T13:47:12","slug":"newsletter","status":"publish","type":"page","link":"https:\/\/www.biovision.ch\/fr\/newsletter\/","title":{"rendered":"Newsletter"},"content":{"rendered":"\t\t<div data-elementor-type=\"wp-page\" data-elementor-id=\"16615\" class=\"elementor elementor-16615 elementor-1085\" data-elementor-post-type=\"page\">\n\t\t\t\t\t\t<section class=\"elementor-section elementor-top-section elementor-element elementor-element-68fc05df elementor-section-boxed elementor-section-height-default elementor-section-height-default elementor-invisible\" data-id=\"68fc05df\" data-element_type=\"section\" data-e-type=\"section\" data-settings=\"{&quot;animation&quot;:&quot;fadeInUp&quot;,&quot;_ob_glider_is_slider&quot;:&quot;no&quot;}\">\n\t\t\t\t\t\t<div class=\"elementor-container elementor-column-gap-no\">\n\t\t\t\t\t<div class=\"elementor-column elementor-col-25 elementor-top-column elementor-element elementor-element-799d6a42 text-width\" data-id=\"799d6a42\" data-element_type=\"column\" data-e-type=\"column\" data-settings=\"{&quot;_ob_column_hoveranimator&quot;:&quot;no&quot;,&quot;_ob_column_has_pseudo&quot;:&quot;no&quot;}\">\n\t\t\t<div class=\"elementor-widget-wrap\">\n\t\t\t\t\t\t\t<\/div>\n\t\t<\/div>\n\t\t\t\t<div class=\"elementor-column elementor-col-25 elementor-top-column elementor-element elementor-element-7350c0f1\" data-id=\"7350c0f1\" data-element_type=\"column\" data-e-type=\"column\" data-settings=\"{&quot;_ob_column_hoveranimator&quot;:&quot;no&quot;,&quot;_ob_column_has_pseudo&quot;:&quot;no&quot;}\">\n\t\t\t<div class=\"elementor-widget-wrap elementor-element-populated\">\n\t\t\t\t\t\t<div class=\"elementor-element elementor-element-9e9d305 text elementor-button-align-stretch elementor-widget elementor-widget-form\" data-id=\"9e9d305\" data-element_type=\"widget\" data-e-type=\"widget\" data-settings=\"{&quot;button_width&quot;:&quot;50&quot;,&quot;step_next_label&quot;:&quot;N\\u00e4chster&quot;,&quot;step_previous_label&quot;:&quot;Voriger&quot;,&quot;step_type&quot;:&quot;number_text&quot;,&quot;step_icon_shape&quot;:&quot;circle&quot;,&quot;_ob_widget_stalker_use&quot;:&quot;no&quot;,&quot;_ob_allow_hoveranimator&quot;:&quot;no&quot;}\" data-widget_type=\"form.default\">\n\t\t\t\t<div class=\"elementor-widget-container\">\n\t\t\t\t\t\t\t<form class=\"elementor-form\" method=\"post\" name=\"Newsletter FR\" aria-label=\"Newsletter FR\">\n\t\t\t<input type=\"hidden\" name=\"post_id\" value=\"16615\"\/>\n\t\t\t<input type=\"hidden\" name=\"form_id\" value=\"9e9d305\"\/>\n\t\t\t<input type=\"hidden\" name=\"referer_title\" value=\"Biovision &#8211; Fondation pour un d\u00e9veloppement \u00e9cologique\" \/>\n\n\t\t\t\n\t\t\t<div class=\"elementor-form-fields-wrapper elementor-labels-above\">\n\t\t\t\t\t\t\t\t<div class=\"elementor-field-type-radio elementor-field-group elementor-column elementor-field-group-message elementor-col-100 elementor-field-required elementor-mark-required\">\n\t\t\t\t\t\t\t\t\t\t\t\t<label for=\"form-field-message\" class=\"elementor-field-label\">\n\t\t\t\t\t\t\t\tSalutation\t\t\t\t\t\t\t<\/label>\n\t\t\t\t\t\t<div class=\"elementor-field-subgroup  elementor-subgroup-inline\"><span class=\"elementor-field-option\"><input type=\"radio\" value=\"Madame\" id=\"form-field-message-0\" name=\"form_fields[message]\" required=\"required\"> <label for=\"form-field-message-0\">Madame<\/label><\/span><span class=\"elementor-field-option\"><input type=\"radio\" value=\"Monsieur\" id=\"form-field-message-1\" name=\"form_fields[message]\" required=\"required\"> <label for=\"form-field-message-1\">Monsieur<\/label><\/span><span class=\"elementor-field-option\"><input type=\"radio\" value=\"Pour\" id=\"form-field-message-2\" name=\"form_fields[message]\" required=\"required\"> <label for=\"form-field-message-2\">Pour<\/label><\/span><\/div>\t\t\t\t<\/div>\n\t\t\t\t\t\t\t\t<div class=\"elementor-field-type-text elementor-field-group elementor-column elementor-field-group-field_a7e8593 elementor-col-100 elementor-field-required elementor-mark-required\">\n\t\t\t\t\t\t\t\t\t\t\t\t<label for=\"form-field-field_a7e8593\" class=\"elementor-field-label\">\n\t\t\t\t\t\t\t\tPrenom\t\t\t\t\t\t\t<\/label>\n\t\t\t\t\t\t\t\t\t\t\t\t\t\t<input size=\"1\" type=\"text\" name=\"form_fields[field_a7e8593]\" id=\"form-field-field_a7e8593\" class=\"elementor-field elementor-size-sm  elementor-field-textual\" required=\"required\">\n\t\t\t\t\t\t\t\t\t\t\t<\/div>\n\t\t\t\t\t\t\t\t<div class=\"elementor-field-type-text elementor-field-group elementor-column elementor-field-group-name elementor-col-100 elementor-field-required elementor-mark-required\">\n\t\t\t\t\t\t\t\t\t\t\t\t<label for=\"form-field-name\" class=\"elementor-field-label\">\n\t\t\t\t\t\t\t\tNom\t\t\t\t\t\t\t<\/label>\n\t\t\t\t\t\t\t\t\t\t\t\t\t\t<input size=\"1\" type=\"text\" name=\"form_fields[name]\" id=\"form-field-name\" class=\"elementor-field elementor-size-sm  elementor-field-textual\" required=\"required\">\n\t\t\t\t\t\t\t\t\t\t\t<\/div>\n\t\t\t\t\t\t\t\t<div class=\"elementor-field-type-email elementor-field-group elementor-column elementor-field-group-email elementor-col-100 elementor-field-required elementor-mark-required\">\n\t\t\t\t\t\t\t\t\t\t\t\t<label for=\"form-field-email\" class=\"elementor-field-label\">\n\t\t\t\t\t\t\t\tE-Mail\t\t\t\t\t\t\t<\/label>\n\t\t\t\t\t\t\t\t\t\t\t\t\t\t<input size=\"1\" type=\"email\" name=\"form_fields[email]\" id=\"form-field-email\" class=\"elementor-field elementor-size-sm  elementor-field-textual\" placeholder=\"E-Mail\" required=\"required\">\n\t\t\t\t\t\t\t\t\t\t\t<\/div>\n\t\t\t\t\t\t\t\t<div class=\"elementor-field-type-text elementor-field-group elementor-column elementor-field-group-field_0516676 elementor-col-100\">\n\t\t\t\t\t\t\t\t\t\t\t\t<label for=\"form-field-field_0516676\" class=\"elementor-field-label\">\n\t\t\t\t\t\t\t\tRue\/No.\t\t\t\t\t\t\t<\/label>\n\t\t\t\t\t\t\t\t\t\t\t\t\t\t<input size=\"1\" type=\"text\" name=\"form_fields[field_0516676]\" id=\"form-field-field_0516676\" class=\"elementor-field elementor-size-sm  elementor-field-textual\">\n\t\t\t\t\t\t\t\t\t\t\t<\/div>\n\t\t\t\t\t\t\t\t<div class=\"elementor-field-type-text elementor-field-group elementor-column elementor-field-group-field_2644cf0 elementor-col-100\">\n\t\t\t\t\t\t\t\t\t\t\t\t<label for=\"form-field-field_2644cf0\" class=\"elementor-field-label\">\n\t\t\t\t\t\t\t\tCode postal\t\t\t\t\t\t\t<\/label>\n\t\t\t\t\t\t\t\t\t\t\t\t\t\t<input size=\"1\" type=\"text\" name=\"form_fields[field_2644cf0]\" id=\"form-field-field_2644cf0\" class=\"elementor-field elementor-size-sm  elementor-field-textual\">\n\t\t\t\t\t\t\t\t\t\t\t<\/div>\n\t\t\t\t\t\t\t\t<div class=\"elementor-field-type-text elementor-field-group elementor-column elementor-field-group-field_ea12a71 elementor-col-100\">\n\t\t\t\t\t\t\t\t\t\t\t\t<label for=\"form-field-field_ea12a71\" class=\"elementor-field-label\">\n\t\t\t\t\t\t\t\tLieu\t\t\t\t\t\t\t<\/label>\n\t\t\t\t\t\t\t\t\t\t\t\t\t\t<input size=\"1\" type=\"text\" name=\"form_fields[field_ea12a71]\" id=\"form-field-field_ea12a71\" class=\"elementor-field elementor-size-sm  elementor-field-textual\">\n\t\t\t\t\t\t\t\t\t\t\t<\/div>\n\t\t\t\t\t\t\t\t<div class=\"elementor-field-type-acceptance elementor-field-group elementor-column elementor-field-group-field_f105e38 elementor-col-100 elementor-field-required elementor-mark-required\">\n\t\t\t\t\t\t\t<div class=\"elementor-field-subgroup\">\n\t\t\t<span class=\"elementor-field-option\">\n\t\t\t\t<input type=\"checkbox\" name=\"form_fields[field_f105e38]\" id=\"form-field-field_f105e38\" class=\"elementor-field elementor-size-sm  elementor-acceptance-field\" required=\"required\">\n\t\t\t\t<label for=\"form-field-field_f105e38\">J'ai lu <a target=\"_blank\" href=\"https:\/\/www.biovision.ch\/fr\/protection-des-donnees\/\">la politique de confidentialit\u00e9<\/a> et je l'accepte.<\/label>\t\t\t<\/span>\n\t\t<\/div>\n\t\t\t\t\t\t<\/div>\n\t\t\t\t\t\t\t\t<div class=\"elementor-field-type-text\">\n\t\t\t\t\t<input size=\"1\" type=\"text\" name=\"form_fields[field_fecfa72]\" id=\"form-field-field_fecfa72\" class=\"elementor-field elementor-size-sm \" style=\"display:none !important;\">\t\t\t\t<\/div>\n\t\t\t\t\t\t\t\t<div class=\"elementor-field-group elementor-column elementor-field-type-submit elementor-col-50 e-form__buttons\">\n\t\t\t\t\t<button class=\"elementor-button elementor-size-sm\" type=\"submit\">\n\t\t\t\t\t\t<span class=\"elementor-button-content-wrapper\">\n\t\t\t\t\t\t\t\t\t\t\t\t\t\t\t\t\t\t\t\t\t\t<span class=\"elementor-button-text\">Merci de votre inscription<\/span>\n\t\t\t\t\t\t\t\t\t\t\t\t\t<\/span>\n\t\t\t\t\t<\/button>\n\t\t\t\t<\/div>\n\t\t\t<\/div>\n\t\t<\/form>\n\t\t\t\t\t\t<\/div>\n\t\t\t\t<\/div>\n\t\t\t\t\t<\/div>\n\t\t<\/div>\n\t\t\t\t<div class=\"elementor-column elementor-col-25 elementor-top-column elementor-element elementor-element-2907a402\" data-id=\"2907a402\" data-element_type=\"column\" data-e-type=\"column\" data-settings=\"{&quot;_ob_column_hoveranimator&quot;:&quot;no&quot;,&quot;_ob_column_has_pseudo&quot;:&quot;no&quot;}\">\n\t\t\t<div class=\"elementor-widget-wrap\">\n\t\t\t\t\t\t\t<\/div>\n\t\t<\/div>\n\t\t\t\t<div class=\"elementor-column elementor-col-25 elementor-top-column elementor-element elementor-element-580b3fb3\" data-id=\"580b3fb3\" data-element_type=\"column\" data-e-type=\"column\" data-settings=\"{&quot;_ob_column_hoveranimator&quot;:&quot;no&quot;,&quot;_ob_column_has_pseudo&quot;:&quot;no&quot;}\">\n\t\t\t<div class=\"elementor-widget-wrap elementor-element-populated\">\n\t\t\t\t\t\t<section class=\"elementor-section elementor-inner-section elementor-element elementor-element-1c65237d elementor-section-boxed elementor-section-height-default elementor-section-height-default\" data-id=\"1c65237d\" data-element_type=\"section\" data-e-type=\"section\" data-settings=\"{&quot;background_background&quot;:&quot;classic&quot;,&quot;_ob_glider_is_slider&quot;:&quot;no&quot;}\">\n\t\t\t\t\t\t<div class=\"elementor-container elementor-column-gap-default\">\n\t\t\t\t\t<div class=\"elementor-column elementor-col-100 elementor-inner-column elementor-element elementor-element-63683efa\" data-id=\"63683efa\" data-element_type=\"column\" data-e-type=\"column\" data-settings=\"{&quot;_ob_column_hoveranimator&quot;:&quot;no&quot;,&quot;_ob_column_has_pseudo&quot;:&quot;no&quot;}\">\n\t\t\t<div class=\"elementor-widget-wrap elementor-element-populated\">\n\t\t\t\t\t\t<div data-dce-title-color=\"#333333\" class=\"elementor-element elementor-element-537aadbf elementor-widget elementor-widget-heading\" data-id=\"537aadbf\" data-element_type=\"widget\" data-e-type=\"widget\" data-settings=\"{&quot;_ob_widget_stalker_use&quot;:&quot;no&quot;,&quot;_ob_allow_hoveranimator&quot;:&quot;no&quot;}\" data-widget_type=\"heading.default\">\n\t\t\t\t<div class=\"elementor-widget-container\">\n\t\t\t\t\t<div class=\"elementor-heading-title elementor-size-default\">D\u00e9couvrez nos derni\u00e8res newsletters<\/div>\t\t\t\t<\/div>\n\t\t\t\t<\/div>\n\t\t\t\t<div class=\"elementor-element elementor-element-e55ca17 text elementor-widget elementor-widget-text-editor\" data-id=\"e55ca17\" data-element_type=\"widget\" data-e-type=\"widget\" data-settings=\"{&quot;_ob_postman_use&quot;:&quot;no&quot;,&quot;_ob_widget_stalker_use&quot;:&quot;no&quot;,&quot;_ob_allow_hoveranimator&quot;:&quot;no&quot;}\" data-widget_type=\"text-editor.default\">\n\t\t\t\t<div class=\"elementor-widget-container\">\n\t\t\t\t\t\t\t\t\t<ul><li>Mars 2026<br \/><a href=\"https:\/\/biovision.gu-marketingsuite.com\/index.php?action=social&amp;chash=abd815286ba1007abfbb8415b83ae2cf.572&amp;s=2c04d01cd102949693e37e9b064a2ae5\">Des cours majoritairement suivis par les hommes<\/a><\/li><li>Janvier 2026<br \/><a href=\"https:\/\/biovision.gu-marketingsuite.com\/index.php?action=social&amp;chash=ffeabd223de0d4eacb9a3e6e53e5448d.539&amp;s=2c04d01cd102949693e37e9b064a2ae5\" target=\"_blank\" rel=\"noopener\">Voici notre superaliment 2026<\/a><\/li><li>Novembre 2025<br \/><a href=\"https:\/\/biovision.activehosted.com\/index.php?action=social&amp;c=499&amp;m=482\" target=\"_blank\" rel=\"noopener\">Ce que nous mangeons agit sur notre bien-\u00eatre<\/a><\/li><li>Octobre 2025<br \/><a href=\"https:\/\/biovision.gu-marketingsuite.com\/social\/2050e03ca119580f74cca14cc6e97462.407\" target=\"_blank\" rel=\"noopener\">Journ\u00e9e mondiale de l\u2019alimentation<\/a><\/li><li>Septembre 2025<br \/><a href=\"https:\/\/biovision.gu-marketingsuite.com\/social\/98b297950041a42470269d56260243a1.398\" target=\"_blank\" rel=\"noopener\">Agro\u00e9cologie : le champ des possibles<\/a><\/li><li>Juillet 2025<br \/><a href=\"https:\/\/biovision.gu-marketingsuite.com\/index.php?action=social&amp;chash=8cb22bdd0b7ba1ab13d742e22eed8da2.397&amp;s=2c04d01cd102949693e37e9b064a2ae5\" target=\"_blank\" rel=\"noopener\">Rapport annuel 2024<\/a><\/li><li>Juin 2025<br \/><a href=\"https:\/\/biovision.activehosted.com\/index.php?action=social&amp;c=398&amp;m=391\" target=\"_blank\" rel=\"noopener\">Des for\u00eats pour contrer le d\u00e9sert<\/a><\/li><li>Mai 2025<br \/><a href=\"https:\/\/biovision.activehosted.com\/index.php?action=social&amp;c=373&amp;m=372\" target=\"_blank\" rel=\"noopener\">Demain, clap de fin !<\/a><\/li><li>Mars 2025<br \/><a href=\"https:\/\/biovision.gu-marketingsuite.com\/social\/310dcbbf4cce62f762a2aaa148d556bd.298\" target=\"_blank\" rel=\"noopener\">Puissance f\u00e9minine pour un avenir durable<\/a><\/li><li>Janvier 2025<br \/><a href=\"https:\/\/biovision.activehosted.com\/index.php?action=social&amp;c=313&amp;m=325\" target=\"_blank\" rel=\"noopener\">Des nouvelles qui font plaisir<\/a><\/li><\/ul>\t\t\t\t\t\t\t\t<\/div>\n\t\t\t\t<\/div>\n\t\t\t\t\t<\/div>\n\t\t<\/div>\n\t\t\t\t\t<\/div>\n\t\t<\/section>\n\t\t\t\t\t<\/div>\n\t\t<\/div>\n\t\t\t\t\t<\/div>\n\t\t<\/section>\n\t\t\t\t<\/div>\n\t\t","protected":false},"excerpt":{"rendered":"<p>D\u00e9couvrez nos derni\u00e8res newsletters Mars 2026Des cours majoritairement suivis par les hommes Janvier 2026Voici notre superaliment 2026 Novembre 2025Ce que nous mangeons agit sur notre bien-\u00eatre Octobre 2025Journ\u00e9e mondiale de l\u2019alimentation Septembre 2025Agro\u00e9cologie : le champ des possibles Juillet 2025Rapport annuel 2024 Juin 2025Des for\u00eats pour contrer le d\u00e9sert Mai 2025Demain, clap de fin ! [&hellip;]<\/p>\n","protected":false},"author":1,"featured_media":0,"parent":0,"menu_order":0,"comment_status":"closed","ping_status":"closed","template":"","meta":{"footnotes":""},"exclude-from-search":[],"has-site-template":[778],"newsletter":[],"region":[],"projektthema":[],"class_list":["post-16615","page","type-page","status-publish","hentry","has-site-template-yes"],"publishpress_future_action":{"enabled":false,"date":"2026-04-30 12:09:21","action":"change-status","newStatus":"draft","terms":[],"taxonomy":"translation_priority","extraData":[]},"publishpress_future_workflow_manual_trigger":{"enabledWorkflows":[]},"_links":{"self":[{"href":"https:\/\/www.biovision.ch\/fr\/wp-json\/wp\/v2\/pages\/16615","targetHints":{"allow":["GET"]}}],"collection":[{"href":"https:\/\/www.biovision.ch\/fr\/wp-json\/wp\/v2\/pages"}],"about":[{"href":"https:\/\/www.biovision.ch\/fr\/wp-json\/wp\/v2\/types\/page"}],"author":[{"embeddable":true,"href":"https:\/\/www.biovision.ch\/fr\/wp-json\/wp\/v2\/users\/1"}],"replies":[{"embeddable":true,"href":"https:\/\/www.biovision.ch\/fr\/wp-json\/wp\/v2\/comments?post=16615"}],"version-history":[{"count":67,"href":"https:\/\/www.biovision.ch\/fr\/wp-json\/wp\/v2\/pages\/16615\/revisions"}],"predecessor-version":[{"id":75438,"href":"https:\/\/www.biovision.ch\/fr\/wp-json\/wp\/v2\/pages\/16615\/revisions\/75438"}],"wp:attachment":[{"href":"https:\/\/www.biovision.ch\/fr\/wp-json\/wp\/v2\/media?parent=16615"}],"wp:term":[{"taxonomy":"exclude-from-search","embeddable":true,"href":"https:\/\/www.biovision.ch\/fr\/wp-json\/wp\/v2\/exclude-from-search?post=16615"},{"taxonomy":"has-site-template","embeddable":true,"href":"https:\/\/www.biovision.ch\/fr\/wp-json\/wp\/v2\/has-site-template?post=16615"},{"taxonomy":"newsletter","embeddable":true,"href":"https:\/\/www.biovision.ch\/fr\/wp-json\/wp\/v2\/newsletter?post=16615"},{"taxonomy":"region","embeddable":true,"href":"https:\/\/www.biovision.ch\/fr\/wp-json\/wp\/v2\/region?post=16615"},{"taxonomy":"projektthema","embeddable":true,"href":"https:\/\/www.biovision.ch\/fr\/wp-json\/wp\/v2\/projektthema?post=16615"}],"curies":[{"name":"wp","href":"https:\/\/api.w.org\/{rel}","templated":true}]}}